{"id":3282,"date":"2023-01-04T10:23:05","date_gmt":"2023-01-04T10:23:05","guid":{"rendered":"https:\/\/akitaapp.com\/huvudsida\/"},"modified":"2023-01-04T10:23:05","modified_gmt":"2023-01-04T10:23:05","slug":"huvudsida","status":"publish","type":"page","link":"https:\/\/akita2.aquanetworks.co.uk\/sv\/","title":{"rendered":"Huvudsida"},"content":{"rendered":"","protected":false},"excerpt":{"rendered":"","protected":false},"author":2,"featured_media":0,"parent":0,"menu_order":0,"comment_status":"closed","ping_status":"closed","template":"front-page.php","meta":{"_acf_changed":false,"footnotes":""},"class_list":["post-3282","page","type-page","status-publish","hentry"],"acf":[],"yoast_head":"<!-- This site is optimized with the Yoast SEO plugin v23.2 - https:\/\/yoast.com\/wordpress\/plugins\/seo\/ -->\n<title>Programvara f\u00f6r kundframg\u00e5ng | Akita<\/title>\n<meta name=\"description\" content=\"Akitas Customer Success Software hj\u00e4lper din Customer Success Manager att \u00f6vervaka kontoh\u00e4lsa och kunddata f\u00f6r att minska kundbortfallet och \u00f6ka int\u00e4kterna.\" \/>\n<meta name=\"robots\" content=\"noindex, follow, max-snippet:-1, max-image-preview:large, max-video-preview:-1\" \/>\n<meta property=\"og:locale\" content=\"sv_SE\" \/>\n<meta property=\"og:type\" content=\"article\" \/>\n<meta property=\"og:title\" content=\"Programvara f\u00f6r kundframg\u00e5ng | Akita\" \/>\n<meta property=\"og:description\" content=\"Akitas Customer Success Software hj\u00e4lper din Customer Success Manager att \u00f6vervaka kontoh\u00e4lsa och kunddata f\u00f6r att minska kundbortfallet och \u00f6ka int\u00e4kterna.\" \/>\n<meta property=\"og:url\" content=\"https:\/\/akita2.aquanetworks.co.uk\/sv\/\" \/>\n<meta property=\"og:site_name\" content=\"Akita\" \/>\n<meta property=\"article:publisher\" content=\"https:\/\/www.facebook.com\/akitaapp\/\" \/>\n<meta name=\"twitter:card\" content=\"summary_large_image\" \/>\n<meta name=\"twitter:site\" content=\"@akita\" \/>\n<script type=\"application\/ld+json\" class=\"yoast-schema-graph\">{\"@context\":\"https:\/\/schema.org\",\"@graph\":[{\"@type\":\"WebPage\",\"@id\":\"https:\/\/akita2.aquanetworks.co.uk\/sv\/\",\"url\":\"https:\/\/akita2.aquanetworks.co.uk\/sv\/\",\"name\":\"Programvara f\u00f6r kundframg\u00e5ng | Akita\",\"isPartOf\":{\"@id\":\"https:\/\/akita2.aquanetworks.co.uk\/sv\/#website\"},\"datePublished\":\"2023-01-04T10:23:05+00:00\",\"dateModified\":\"2023-01-04T10:23:05+00:00\",\"description\":\"Akitas Customer Success Software hj\u00e4lper din Customer Success Manager att \u00f6vervaka kontoh\u00e4lsa och kunddata f\u00f6r att minska kundbortfallet och \u00f6ka int\u00e4kterna.\",\"breadcrumb\":{\"@id\":\"https:\/\/akita2.aquanetworks.co.uk\/sv\/#breadcrumb\"},\"inLanguage\":\"sv-SE\",\"potentialAction\":[{\"@type\":\"ReadAction\",\"target\":[\"https:\/\/akita2.aquanetworks.co.uk\/sv\/\"]}]},{\"@type\":\"BreadcrumbList\",\"@id\":\"https:\/\/akita2.aquanetworks.co.uk\/sv\/#breadcrumb\",\"itemListElement\":[{\"@type\":\"ListItem\",\"position\":1,\"name\":\"Home\",\"item\":\"https:\/\/akita2.aquanetworks.co.uk\/sv\/huvudsida\/\"},{\"@type\":\"ListItem\",\"position\":2,\"name\":\"Huvudsida\"}]},{\"@type\":\"WebSite\",\"@id\":\"https:\/\/akita2.aquanetworks.co.uk\/sv\/#website\",\"url\":\"https:\/\/akita2.aquanetworks.co.uk\/sv\/\",\"name\":\"Akita\",\"description\":\"\",\"publisher\":{\"@id\":\"https:\/\/akita2.aquanetworks.co.uk\/sv\/#organization\"},\"potentialAction\":[{\"@type\":\"SearchAction\",\"target\":{\"@type\":\"EntryPoint\",\"urlTemplate\":\"https:\/\/akita2.aquanetworks.co.uk\/sv\/?s={search_term_string}\"},\"query-input\":\"required name=search_term_string\"}],\"inLanguage\":\"sv-SE\"},{\"@type\":\"Organization\",\"@id\":\"https:\/\/akita2.aquanetworks.co.uk\/sv\/#organization\",\"name\":\"Akita\",\"url\":\"https:\/\/akita2.aquanetworks.co.uk\/sv\/\",\"logo\":{\"@type\":\"ImageObject\",\"inLanguage\":\"sv-SE\",\"@id\":\"https:\/\/akita2.aquanetworks.co.uk\/sv\/#\/schema\/logo\/image\/\",\"url\":\"https:\/\/akita2.aquanetworks.co.uk\/wp-content\/uploads\/2023\/01\/akita_brand_assets_logo_dark.png\",\"contentUrl\":\"https:\/\/akita2.aquanetworks.co.uk\/wp-content\/uploads\/2023\/01\/akita_brand_assets_logo_dark.png\",\"width\":1208,\"height\":287,\"caption\":\"Akita\"},\"image\":{\"@id\":\"https:\/\/akita2.aquanetworks.co.uk\/sv\/#\/schema\/logo\/image\/\"},\"sameAs\":[\"https:\/\/www.facebook.com\/akitaapp\/\",\"https:\/\/x.com\/akita\"]}]}<\/script>\n<!-- \/ Yoast SEO plugin. -->","yoast_head_json":{"title":"Programvara f\u00f6r kundframg\u00e5ng | Akita","description":"Akitas Customer Success Software hj\u00e4lper din Customer Success Manager att \u00f6vervaka kontoh\u00e4lsa och kunddata f\u00f6r att minska kundbortfallet och \u00f6ka int\u00e4kterna.","robots":{"index":"noindex","follow":"follow","max-snippet":"max-snippet:-1","max-image-preview":"max-image-preview:large","max-video-preview":"max-video-preview:-1"},"og_locale":"sv_SE","og_type":"article","og_title":"Programvara f\u00f6r kundframg\u00e5ng | Akita","og_description":"Akitas Customer Success Software hj\u00e4lper din Customer Success Manager att \u00f6vervaka kontoh\u00e4lsa och kunddata f\u00f6r att minska kundbortfallet och \u00f6ka int\u00e4kterna.","og_url":"https:\/\/akita2.aquanetworks.co.uk\/sv\/","og_site_name":"Akita","article_publisher":"https:\/\/www.facebook.com\/akitaapp\/","twitter_card":"summary_large_image","twitter_site":"@akita","schema":{"@context":"https:\/\/schema.org","@graph":[{"@type":"WebPage","@id":"https:\/\/akita2.aquanetworks.co.uk\/sv\/","url":"https:\/\/akita2.aquanetworks.co.uk\/sv\/","name":"Programvara f\u00f6r kundframg\u00e5ng | Akita","isPartOf":{"@id":"https:\/\/akita2.aquanetworks.co.uk\/sv\/#website"},"datePublished":"2023-01-04T10:23:05+00:00","dateModified":"2023-01-04T10:23:05+00:00","description":"Akitas Customer Success Software hj\u00e4lper din Customer Success Manager att \u00f6vervaka kontoh\u00e4lsa och kunddata f\u00f6r att minska kundbortfallet och \u00f6ka int\u00e4kterna.","breadcrumb":{"@id":"https:\/\/akita2.aquanetworks.co.uk\/sv\/#breadcrumb"},"inLanguage":"sv-SE","potentialAction":[{"@type":"ReadAction","target":["https:\/\/akita2.aquanetworks.co.uk\/sv\/"]}]},{"@type":"BreadcrumbList","@id":"https:\/\/akita2.aquanetworks.co.uk\/sv\/#breadcrumb","itemListElement":[{"@type":"ListItem","position":1,"name":"Home","item":"https:\/\/akita2.aquanetworks.co.uk\/sv\/huvudsida\/"},{"@type":"ListItem","position":2,"name":"Huvudsida"}]},{"@type":"WebSite","@id":"https:\/\/akita2.aquanetworks.co.uk\/sv\/#website","url":"https:\/\/akita2.aquanetworks.co.uk\/sv\/","name":"Akita","description":"","publisher":{"@id":"https:\/\/akita2.aquanetworks.co.uk\/sv\/#organization"},"potentialAction":[{"@type":"SearchAction","target":{"@type":"EntryPoint","urlTemplate":"https:\/\/akita2.aquanetworks.co.uk\/sv\/?s={search_term_string}"},"query-input":"required name=search_term_string"}],"inLanguage":"sv-SE"},{"@type":"Organization","@id":"https:\/\/akita2.aquanetworks.co.uk\/sv\/#organization","name":"Akita","url":"https:\/\/akita2.aquanetworks.co.uk\/sv\/","logo":{"@type":"ImageObject","inLanguage":"sv-SE","@id":"https:\/\/akita2.aquanetworks.co.uk\/sv\/#\/schema\/logo\/image\/","url":"https:\/\/akita2.aquanetworks.co.uk\/wp-content\/uploads\/2023\/01\/akita_brand_assets_logo_dark.png","contentUrl":"https:\/\/akita2.aquanetworks.co.uk\/wp-content\/uploads\/2023\/01\/akita_brand_assets_logo_dark.png","width":1208,"height":287,"caption":"Akita"},"image":{"@id":"https:\/\/akita2.aquanetworks.co.uk\/sv\/#\/schema\/logo\/image\/"},"sameAs":["https:\/\/www.facebook.com\/akitaapp\/","https:\/\/x.com\/akita"]}]}},"_links":{"self":[{"href":"https:\/\/akita2.aquanetworks.co.uk\/sv\/wp-json\/wp\/v2\/pages\/3282","targetHints":{"allow":["GET"]}}],"collection":[{"href":"https:\/\/akita2.aquanetworks.co.uk\/sv\/wp-json\/wp\/v2\/pages"}],"about":[{"href":"https:\/\/akita2.aquanetworks.co.uk\/sv\/wp-json\/wp\/v2\/types\/page"}],"author":[{"embeddable":true,"href":"https:\/\/akita2.aquanetworks.co.uk\/sv\/wp-json\/wp\/v2\/users\/2"}],"replies":[{"embeddable":true,"href":"https:\/\/akita2.aquanetworks.co.uk\/sv\/wp-json\/wp\/v2\/comments?post=3282"}],"version-history":[{"count":0,"href":"https:\/\/akita2.aquanetworks.co.uk\/sv\/wp-json\/wp\/v2\/pages\/3282\/revisions"}],"wp:attachment":[{"href":"https:\/\/akita2.aquanetworks.co.uk\/sv\/wp-json\/wp\/v2\/media?parent=3282"}],"curies":[{"name":"wp","href":"https:\/\/api.w.org\/{rel}","templated":true}]}}